{"id":2527,"date":"2018-05-15T11:21:00","date_gmt":"2018-05-15T11:21:00","guid":{"rendered":"http:\/\/avicegroup.com\/?page_id=2527"},"modified":"2022-05-03T16:51:43","modified_gmt":"2022-05-03T16:51:43","slug":"work","status":"publish","type":"page","link":"http:\/\/avicegroup.com\/pl\/work\/","title":{"rendered":"Praca"},"content":{"rendered":"[vc_row][vc_column][gt3_spacing height=&#8221;85px&#8221;][vc_row_inner gap=&#8221;30&#8243;][vc_column_inner width=&#8221;1\/3&#8243; css=&#8221;.vc_custom_1526383276020{border-right-width: 1px !important;padding-top: 0px !important;border-right-color: #e9eded !important;border-right-style: solid !important;}&#8221;][gt3_custom_text separator=&#8221;yes&#8221; separator_color=&#8221;#d69b09&#8243; text_color=&#8221;#272b2e&#8221; font_size=&#8221;32&#8243;]\n<h2>Dlaczego Avice Group?<\/h2>\n[\/gt3_custom_text][\/vc_column_inner][vc_column_inner width=&#8221;1\/3&#8243;][gt3_custom_text text_color=&#8221;#272b2e&#8221; font_size=&#8221;18&#8243;]<span class=\"gt3_dropcaps\" style=\"font-size: 3em; line-height: 0.97; color: #d69b09;\">J<\/span>este\u015bmy m\u0142od\u0105, dynamiczn\u0105 i rozwijaj\u0105c\u0105 si\u0119 firm\u0105. Nasz zesp\u00f3\u0142 ca\u0142y czas si\u0119 powi\u0119ksza, mile widziane s\u0105 nowe twarze. [\/gt3_custom_text][\/vc_column_inner][vc_column_inner width=&#8221;1\/3&#8243;][gt3_custom_text text_color=&#8221;#272b2e&#8221; font_size=&#8221;18&#8243;]Dla naszych pracownik\u00f3w zapewniamy pe\u0142en pakiet socjalny, unormowany grafik, pe\u0142ne wsparcie i opiek\u0119 z naszej strony.[\/gt3_custom_text][\/vc_column_inner][\/vc_row_inner][gt3_spacing height=&#8221;85px&#8221;][\/vc_column][\/vc_row][vc_row full_width=&#8221;stretch_row&#8221; content_placement=&#8221;middle&#8221; css=&#8221;.vc_custom_1526390281302{background-color: #f8f8f8 !important;}&#8221;][vc_column width=&#8221;1\/2&#8243; css=&#8221;.vc_custom_1526390485886{padding-top: 10px !important;}&#8221;][gt3_spacing height=&#8221;30px&#8221;][gt3_custom_text separator=&#8221;yes&#8221; separator_color=&#8221;#d69b09&#8243; text_color=&#8221;#272b2e&#8221; font_size=&#8221;32&#8243;]\n<h2>Szukamy w\u0142a\u015bnie Ciebie!<\/h2>\n[\/gt3_custom_text][gt3_custom_text text_color=&#8221;#272b2e&#8221; font_size=&#8221;18&#8243;]Nasza firma nie stoi na miejscu, mamy coraz wi\u0119cej samochod\u00f3w ci\u0119\u017carowych i stale poszukujemy kierowc\u00f3w profesjonalnych.[\/gt3_custom_text][gt3_spacing height=&#8221;26px&#8221;][vc_progress_bar values=&#8221;%5B%7B%22label%22%3A%22KIEROWCA%20CI%C4%98%C5%BBAR%C3%93WKI%22%2C%22value%22%3A%2275%22%2C%22color%22%3A%22custom%22%2C%22customcolor%22%3A%22%23d69b09%22%2C%22customtxtcolor%22%3A%22%23272b2e%22%7D%2C%7B%22label%22%3A%22PRAKTYKA%22%2C%22value%22%3A%2290%22%2C%22color%22%3A%22custom%22%2C%22customcolor%22%3A%22%23d69b09%22%2C%22customtxtcolor%22%3A%22%23272b2e%22%7D%2C%7B%22label%22%3A%22MEDIATION%22%2C%22value%22%3A%2260%22%2C%22color%22%3A%22custom%22%2C%22customcolor%22%3A%22%23d69b09%22%2C%22customtxtcolor%22%3A%22%23272b2e%22%7D%5D&#8221; bgcolor=&#8221;white&#8221; units=&#8221;%&#8221;][gt3_spacing height=&#8221;30px&#8221;][\/vc_column][vc_column width=&#8221;1\/2&#8243; css=&#8221;.vc_custom_1526390560512{margin-right: -46px !important;padding-top: 0px !important;padding-right: 0px !important;padding-bottom: 0px !important;padding-left: 0px !important;}&#8221;][vc_column_text]<img loading=\"lazy\" class=\"wp-image-2385 aligncenter\" src=\"http:\/\/avicegroup.com\/wp-content\/uploads\/2022\/04\/2022-04-04-15.32.01-246x300.jpg\" alt=\"\" width=\"374\" height=\"456\" srcset=\"http:\/\/avicegroup.com\/wp-content\/uploads\/2022\/04\/2022-04-04-15.32.01-246x300.jpg 246w, http:\/\/avicegroup.com\/wp-content\/uploads\/2022\/04\/2022-04-04-15.32.01-839x1024.jpg 839w, http:\/\/avicegroup.com\/wp-content\/uploads\/2022\/04\/2022-04-04-15.32.01-768x937.jpg 768w, http:\/\/avicegroup.com\/wp-content\/uploads\/2022\/04\/2022-04-04-15.32.01-1000x1220.jpg 1000w, http:\/\/avicegroup.com\/wp-content\/uploads\/2022\/04\/2022-04-04-15.32.01.jpg 1199w\" sizes=\"(max-width: 374px) 100vw, 374px\" \/>[\/vc_column_text][\/vc_column][\/vc_row][vc_row full_width=&#8221;stretch_row_content&#8221; css=&#8221;.vc_custom_1650530981420{background-color: #007aff !important;}&#8221;][vc_column width=&#8221;1\/3&#8243; css=&#8221;.vc_custom_1650889632630{padding-top: 0px !important;padding-right: 0px !important;padding-bottom: 0px !important;padding-left: 0px !important;}&#8221;][gt3_spacing height=&#8221;73px&#8221;][gt3_custom_text separator=&#8221;yes&#8221; separator_color=&#8221;#ffffff&#8221; margin_top=&#8221;17&#8243; maxwidth=&#8221;18%&#8221; text_color=&#8221;#ffffff&#8221; font_size=&#8221;28&#8243; line_height=&#8221;145&#8243; item_el_class=&#8221;max_width-280 gt3_margin_auto&#8221;]\n<h2>Kierowca samochodu ci\u0119\u017carowego:<\/h2>\n[\/gt3_custom_text][gt3_spacing height=&#8221;23px&#8221;][gt3_custom_text text_color=&#8221;#ffffff&#8221; font_size=&#8221;16&#8243; line_height=&#8221;145&#8243; item_el_class=&#8221;max_width-280 gt3_margin_auto&#8221;]Mi\u0119dzynarodowa firma transportowa Avice Group, poszukuje:[\/gt3_custom_text][gt3_custom_text text_color=&#8221;#ffffff&#8221; font_size=&#8221;16&#8243; line_height=&#8221;145&#8243; item_el_class=&#8221;max_width-280 gt3_margin_auto&#8221; css=&#8221;.vc_custom_1650904617450{margin-top: 20px !important;}&#8221;]<strong>Kierowca samochodu ci\u0119\u017carowego<\/strong>[\/gt3_custom_text][gt3_spacing height=&#8221;30px&#8221;][gt3_button button_title=&#8221;CZYTAJ WI\u0118CEJ&#8221; btn_border_style=&#8221;none&#8221; btn_icon_fontawesome=&#8221;theme_icon-arrows-right&#8221; use_theme_button=&#8221;no&#8221; btn_bg_color=&#8221;&#8221; btn_bg_color_hover=&#8221;&#8221; btn_text_color=&#8221;#ffffff&#8221; btn_text_color_hover=&#8221;#000000&#8243; btn_icon_color=&#8221;#ffffff&#8221; btn_icon_color_hover=&#8221;#000000&#8243; btn_border_color=&#8221;#c2b697&#8243; btn_border_color_hover=&#8221;#e8e8e8&#8243; button_alignment=&#8221;left&#8221; btn_icon_type=&#8221;font&#8221; btn_icon_position=&#8221;right&#8221; link=&#8221;url:http%3A%2F%2Favicegroup.com%2Fpl%2Fcontacts%2F&#8221; css=&#8221;.vc_custom_1650459144244{padding-top: 0px !important;padding-right: 0px !important;padding-bottom: 0px !important;padding-left: 0px !important;}&#8221; item_el_class=&#8221;gt3_margin_auto max_width-280&#8243;][gt3_spacing height=&#8221;65px&#8221;][\/vc_column][vc_column width=&#8221;1\/3&#8243; css=&#8221;.vc_custom_1648569040863{padding-top: 0px !important;padding-right: 0px !important;padding-bottom: 0px !important;padding-left: 0px !important;background-color: #d69b09 !important;}&#8221;][gt3_spacing height=&#8221;73px&#8221;][gt3_custom_text separator=&#8221;yes&#8221; separator_color=&#8221;#ffffff&#8221; margin_top=&#8221;17&#8243; maxwidth=&#8221;18%&#8221; text_color=&#8221;#ffffff&#8221; font_size=&#8221;28&#8243; line_height=&#8221;145&#8243; item_el_class=&#8221;max_width-280 gt3_margin_auto&#8221;]\n<h2>Co oferujemy:<\/h2>\n[\/gt3_custom_text][gt3_spacing height=&#8221;23px&#8221;][gt3_custom_text text_color=&#8221;#ffffff&#8221; font_size=&#8221;16&#8243; line_height=&#8221;145&#8243; item_el_class=&#8221;max_width-280 gt3_margin_auto&#8221;]Oferujemy kadencji na 8 tygodni .[\/gt3_custom_text][gt3_custom_text text_color=&#8221;#ffffff&#8221; font_size=&#8221;16&#8243; line_height=&#8221;145&#8243; item_el_class=&#8221;max_width-280 gt3_margin_auto&#8221; css=&#8221;.vc_custom_1650904652097{margin-top: 20px !important;}&#8221;]<strong>Wynagrodzenie wyp\u0142acane jest co miesi\u0105c bez \u017cadnych op\u00f3\u017anie\u0144.<\/strong>[\/gt3_custom_text][gt3_spacing height=&#8221;30px&#8221;][gt3_button button_title=&#8221;CZYTAJ WI\u0118CEJ&#8221; btn_border_style=&#8221;none&#8221; btn_icon_fontawesome=&#8221;theme_icon-arrows-right&#8221; use_theme_button=&#8221;no&#8221; btn_bg_color=&#8221;&#8221; btn_bg_color_hover=&#8221;&#8221; btn_text_color=&#8221;#ffffff&#8221; btn_text_color_hover=&#8221;#000000&#8243; btn_icon_color=&#8221;#ffffff&#8221; btn_icon_color_hover=&#8221;#000000&#8243; btn_border_color=&#8221;#c2b697&#8243; btn_border_color_hover=&#8221;#e8e8e8&#8243; button_alignment=&#8221;left&#8221; btn_icon_type=&#8221;font&#8221; btn_icon_position=&#8221;right&#8221; link=&#8221;url:http%3A%2F%2Favicegroup.com%2Fpl%2Fcontacts%2F&#8221; css=&#8221;.vc_custom_1650459150169{padding-top: 0px !important;padding-right: 0px !important;padding-bottom: 0px !important;padding-left: 0px !important;}&#8221; item_el_class=&#8221;gt3_margin_auto max_width-280&#8243;][gt3_spacing height=&#8221;235px&#8221;][\/vc_column][vc_column width=&#8221;1\/3&#8243; css=&#8221;.vc_custom_1650889622802{padding-top: 0px !important;padding-right: 0px !important;padding-bottom: 0px !important;padding-left: 0px !important;}&#8221;][gt3_spacing height=&#8221;73px&#8221;][gt3_custom_text separator=&#8221;yes&#8221; separator_color=&#8221;#ffffff&#8221; margin_top=&#8221;17&#8243; maxwidth=&#8221;18%&#8221; text_color=&#8221;#ffffff&#8221; font_size=&#8221;28&#8243; line_height=&#8221;145&#8243; item_el_class=&#8221;max_width-280 gt3_margin_auto&#8221;]\n<h2>Bonusy:<\/h2>\n[\/gt3_custom_text][gt3_spacing height=&#8221;23px&#8221;][gt3_custom_text text_color=&#8221;#ffffff&#8221; font_size=&#8221;16&#8243; line_height=&#8221;145&#8243; item_el_class=&#8221;max_width-280 gt3_margin_auto&#8221;]+ za ekonomiczn\u0105 jazd\u0119 i zu\u017cycie paliwa.<br \/>\n+ za skuteczn\u0105 komunikacj\u0119 przy za\u0142adunku \/ roz\u0142adunku.<br \/>\n+ za szkolenie innych kierowc\u00f3w.<\/p>\n<p>Pe\u0142ny pakiet socjalny dla kierowcy<br \/>\nformalne zatrudnienie.<br \/>\nRejestracja dokument\u00f3w za darmo.<br \/>\nZapewniamy nawigacj\u0119 i dzia\u0142aj\u0105cy telefon w ci\u0119\u017car\u00f3wce.<br \/>\nDla kierowcy mo\u017cna zam\u00f3wi\u0107 karty sim do u\u017cytku osobistego.[\/gt3_custom_text][gt3_spacing height=&#8221;30px&#8221;][gt3_button button_title=&#8221;CZYTAJ WI\u0118CEJ&#8221; btn_border_style=&#8221;none&#8221; btn_icon_fontawesome=&#8221;theme_icon-arrows-right&#8221; use_theme_button=&#8221;no&#8221; btn_bg_color=&#8221;&#8221; btn_bg_color_hover=&#8221;&#8221; btn_text_color=&#8221;&#8221; btn_text_color_hover=&#8221;#000000&#8243; btn_icon_color=&#8221;&#8221; btn_icon_color_hover=&#8221;#000000&#8243; btn_border_color=&#8221;#c2b697&#8243; btn_border_color_hover=&#8221;#e8e8e8&#8243; button_alignment=&#8221;left&#8221; btn_icon_type=&#8221;font&#8221; btn_icon_position=&#8221;right&#8221; link=&#8221;url:http%3A%2F%2Favicegroup.com%2Fpl%2Fcontacts%2F&#8221; css=&#8221;.vc_custom_1650459156894{padding-top: 0px !important;padding-right: 0px !important;padding-bottom: 0px !important;padding-left: 0px !important;}&#8221; item_el_class=&#8221;gt3_margin_auto max_width-280&#8243;][gt3_spacing height=&#8221;65px&#8221;][\/vc_column][\/vc_row][vc_row][vc_column][gt3_spacing height=&#8221;75px&#8221;][gt3_custom_text text_color=&#8221;#272b2e&#8221; font_size=&#8221;32&#8243;]\n<h3 style=\"text-align: center;\">Obszary dzia\u0142alno\u015bci<\/h3>\n[\/gt3_custom_text][vc_separator color=&#8221;custom&#8221; border_width=&#8221;2&#8243; el_width=&#8221;85px&#8221; accent_color=&#8221;#d69b09&#8243; css=&#8221;.vc_custom_1648568886295{padding-top: 12px !important;padding-bottom: 22px !important;}&#8221;][gt3_custom_text text_color=&#8221;#272b2e&#8221; font_size=&#8221;22&#8243;]\n<p style=\"text-align: center;\">Oferujemy kierowcom doskona\u0142e warunki pracy. Sta\u0142e wsparcie i pomoc w ka\u017cdej sprawie.<\/p>\n[\/gt3_custom_text][gt3_spacing height=&#8221;40px&#8221;][\/vc_column][\/vc_row][vc_row][vc_column width=&#8221;1\/4&#8243; el_class=&#8221;crop-img&#8221;][gt3_image_box thumbnail=&#8221;1702&#8243; new_tab=&#8221;no&#8221; title_tag=&#8221;h2&#8243; use_theme_fonts_imagebox_title=&#8221;no&#8221; google_fonts_imagebox_title=&#8221;font_family:Abril%20Fatface%3Aregular|font_style:400%20regular%3A400%3Anormal&#8221; title_color=&#8221;#272b2e&#8221; text_color=&#8221;#272b2e&#8221; link_color=&#8221;#80858b&#8221; link_hover_color=&#8221;#272b2e&#8221; image_position=&#8221;&#8221;][gt3_spacing height=&#8221;40px&#8221;][\/vc_column][vc_column width=&#8221;1\/4&#8243; el_class=&#8221;crop-img&#8221;][gt3_image_box thumbnail=&#8221;1701&#8243; new_tab=&#8221;no&#8221; title_tag=&#8221;h2&#8243; use_theme_fonts_imagebox_title=&#8221;no&#8221; google_fonts_imagebox_title=&#8221;font_family:Abril%20Fatface%3Aregular&#8221; title_color=&#8221;#272b2e&#8221; text_color=&#8221;#272b2e&#8221; link_color=&#8221;#80858b&#8221; link_hover_color=&#8221;#272b2e&#8221; image_position=&#8221;&#8221;][gt3_spacing height=&#8221;40px&#8221;][\/vc_column][vc_column width=&#8221;1\/4&#8243; el_class=&#8221;crop-img&#8221;][gt3_image_box thumbnail=&#8221;1703&#8243; new_tab=&#8221;no&#8221; title_tag=&#8221;h2&#8243; use_theme_fonts_imagebox_title=&#8221;no&#8221; google_fonts_imagebox_title=&#8221;font_family:Abril%20Fatface%3Aregular|font_style:400%20regular%3A400%3Anormal&#8221; title_color=&#8221;#272b2e&#8221; text_color=&#8221;#272b2e&#8221; link_color=&#8221;#80858b&#8221; link_hover_color=&#8221;#272b2e&#8221; image_position=&#8221;&#8221;][gt3_spacing height=&#8221;40px&#8221;][\/vc_column][vc_column width=&#8221;1\/4&#8243; el_class=&#8221;crop-img&#8221;][gt3_image_box thumbnail=&#8221;1704&#8243; new_tab=&#8221;no&#8221; title_tag=&#8221;h2&#8243; use_theme_fonts_imagebox_title=&#8221;no&#8221; google_fonts_imagebox_title=&#8221;font_family:Abril%20Fatface%3Aregular&#8221; title_color=&#8221;#272b2e&#8221; text_color=&#8221;#272b2e&#8221; link_color=&#8221;#80858b&#8221; link_hover_color=&#8221;#272b2e&#8221; image_position=&#8221;&#8221;][gt3_spacing height=&#8221;40px&#8221;][\/vc_column][\/vc_row][vc_row full_width=&#8221;stretch_row&#8221; css=&#8221;.vc_custom_1648632751301{margin-bottom: -40px !important;padding-top: 90px !important;padding-bottom: 90px !important;background: #212528 url(http:\/\/avicegroup.com\/wp-content\/uploads\/2022\/03\/pexels-tiger-lily-4481530.jpg?id=1772) !important;background-position: center !important;background-repeat: no-repeat !important;background-size: cover !important;}&#8221;][vc_column width=&#8221;1\/2&#8243; css=&#8221;.vc_custom_1526454390618{padding-top: 0px !important;background-image: url(https:\/\/livewp.site\/wp\/md\/oconnor\/wp-content\/uploads\/sites\/44\/2018\/05\/img4.png?id=175) !important;background-position: center !important;background-repeat: no-repeat !important;background-size: contain !important;}&#8221;][gt3_spacing height=&#8221;100px&#8221; responsive_es=&#8221;yes&#8221; height_mobile=&#8221;50&#8243;][gt3_custom_text separator=&#8221;yes&#8221; separator_color=&#8221;#d69b09&#8243; margin_top=&#8221;35&#8243; text_color=&#8221;#d69b09&#8243; font_size=&#8221;48&#8243;]\n<h2>Co ludzie m\u00f3wi\u0105?<\/h2>\n[\/gt3_custom_text][gt3_spacing height=&#8221;25px&#8221;][gt3_testimonials view_type=&#8221;type2&#8243; use_carousel=&#8221;no&#8221; text_color=&#8221;#f9f9fa&#8221; text_align=&#8221;left&#8221; sign_color=&#8221;#f9f9fa&#8221; author_align=&#8221;left&#8221;][gt3_testimonial_item tstm_author=&#8221;- by Jaros\u0142aw,&#8221; tstm_author_position=&#8221;Company CEO&#8221; image=&#8221;543&#8243; select_rate=&#8221;none&#8221;]Najlepsza logistyka w moim \u017cyciu. Bardzo dzi\u0119kujemy Avice Group![\/gt3_testimonial_item][\/gt3_testimonials][gt3_spacing height=&#8221;50&#8243; responsive_es=&#8221;yes&#8221; height_mobile=&#8221;0&#8243;][\/vc_column][vc_column width=&#8221;1\/2&#8243;][\/vc_column][\/vc_row]\n","protected":false},"excerpt":{"rendered":"<p>[vc_row][vc_column][gt3_spacing height=&#8221;85px&#8221;][vc_row_inner gap=&#8221;30&#8243;][vc_column_inner width=&#8221;1\/3&#8243; css=&#8221;.vc_custom_1526383276020{border-right-width: 1px !important;padding-top: 0px !important;border-right-color: #e9eded !important;border-right-style: solid !important;}&#8221;][gt3_custom_text separator=&#8221;yes&#8221; separator_color=&#8221;#d69b09&#8243; text_color=&#8221;#272b2e&#8221; font_size=&#8221;32&#8243;] Dlaczego Avice Group? [\/gt3_custom_text][\/vc_column_inner][vc_column_inner width=&#8221;1\/3&#8243;][gt3_custom_text text_color=&#8221;#272b2e&#8221; font_size=&#8221;18&#8243;]Jeste\u015bmy m\u0142od\u0105, dynamiczn\u0105 i rozwijaj\u0105c\u0105 si\u0119 firm\u0105. Nasz zesp\u00f3\u0142 ca\u0142y czas si\u0119 powi\u0119ksza, mile widziane s\u0105 nowe twarze. [\/gt3_custom_text][\/vc_column_inner][vc_column_inner width=&#8221;1\/3&#8243;][gt3_custom_text text_color=&#8221;#272b2e&#8221; font_size=&#8221;18&#8243;]Dla naszych pracownik\u00f3w zapewniamy pe\u0142en pakiet socjalny, unormowany grafik, pe\u0142ne wsparcie [&hellip;]<\/p>\n","protected":false},"author":1,"featured_media":0,"parent":0,"menu_order":0,"comment_status":"closed","ping_status":"closed","template":"full-width.php","meta":[],"_links":{"self":[{"href":"http:\/\/avicegroup.com\/pl\/wp-json\/wp\/v2\/pages\/2527"}],"collection":[{"href":"http:\/\/avicegroup.com\/pl\/wp-json\/wp\/v2\/pages"}],"about":[{"href":"http:\/\/avicegroup.com\/pl\/wp-json\/wp\/v2\/types\/page"}],"author":[{"embeddable":true,"href":"http:\/\/avicegroup.com\/pl\/wp-json\/wp\/v2\/users\/1"}],"replies":[{"embeddable":true,"href":"http:\/\/avicegroup.com\/pl\/wp-json\/wp\/v2\/comments?post=2527"}],"version-history":[{"count":13,"href":"http:\/\/avicegroup.com\/pl\/wp-json\/wp\/v2\/pages\/2527\/revisions"}],"predecessor-version":[{"id":2531,"href":"http:\/\/avicegroup.com\/pl\/wp-json\/wp\/v2\/pages\/2527\/revisions\/2531"}],"wp:attachment":[{"href":"http:\/\/avicegroup.com\/pl\/wp-json\/wp\/v2\/media?parent=2527"}],"curies":[{"name":"wp","href":"https:\/\/api.w.org\/{rel}","templated":true}]}}